{"id":11,"date":"2016-12-22T03:23:26","date_gmt":"2016-12-22T02:23:26","guid":{"rendered":"http:\/\/www.residencegrandmere.com\/Res_wp\/?page_id=11"},"modified":"2023-09-03T15:57:48","modified_gmt":"2023-09-03T13:57:48","slug":"accueil","status":"publish","type":"page","link":"https:\/\/www.residencegrandmere.com\/Res_wp\/","title":{"rendered":"Accueil"},"content":{"rendered":"\n\n\t<p><strong>T\u00e9l\u00e9phone (819) 538-3833<\/strong><\/p>\n<p>&nbsp;<\/p>\n<p><strong>La R\u00e9sidence Grand-M\u00e8re<\/strong><\/p>\n<p>Elle est situ\u00e9e \u00e0 Shawinigan dans le secteur Grand-M\u00e8re au 2581, 7<sup>e<\/sup> Avenue \u00e0 environ 250 m\u00e8tres de la sortie\u00a0223 sur l&rsquo;autoroute\u00a055, pr\u00e8s du march\u00e9 d&rsquo;alimentation MAXI.<\/p>\n<p>La R\u00e9sidence a ouvert ses portes le 1<sup>er<\/sup> juillet 2014 et elle est dot\u00e9e du certificat de conformit\u00e9 de r\u00e9sidence priv\u00e9e pour a\u00een\u00e9s et est aussi membre du Regroupement qu\u00e9b\u00e9cois des r\u00e9sidences pour a\u00een\u00e9s (RQRA).<\/p>\n<p>La R\u00e9sidence Grand-M\u00e8re est un milieu de vie pour personnes autonomes et semi-autonomes (RPA) o\u00f9 il est d\u00e9fendu de fumer et o\u00f9 tous les animaux sont interdits.<\/p>\n<p>La R\u00e9sidence poss\u00e8de 93 appartements (autonomes) et 15 chambres (semi-autonomes) r\u00e9partis comme suit\u00a0:<\/p>\n<ul>\n<li>15 chambres (B2)<\/li>\n<li>14 logements de 2 \u00bd pi\u00e8ces (RPA)<\/li>\n<li>51 logements de 3 \u00bd pi\u00e8ces (RPA)<\/li>\n<li>28 logements de 4 \u00bd pi\u00e8ces (RPA)<\/li>\n<\/ul>\n<p><em>\u00a0<\/em><\/p>\n<p><em>\u00a0<\/em><em>\u00a0<\/em><em>Bienvenue chez vous!<\/em><\/p>\n<p><em>\u00a0<\/em><strong><em>Pierre La Haye<\/em><\/strong><\/p>\n<p><strong><em>Directeur g\u00e9n\u00e9ral<\/em><\/strong><\/p>\n\t<p>La r\u00e9sidence<\/p>\n<div id=\"metaslider-id-39\" style=\"max-width: 700px;\" class=\"ml-slider-3-108-0 metaslider metaslider-nivo metaslider-39 ml-slider has-dots-nav ms-theme-default\" role=\"region\" aria-label=\"Pour accueil\" data-height=\"400\" data-width=\"700\">\n    <div id=\"metaslider_container_39\">\n        <div class='slider-wrapper theme-default'><div class='ribbon'><\/div><div id='metaslider_39' class='nivoSlider'><img loading=\"lazy\" decoding=\"async\" src=\"https:\/\/www.residencegrandmere.com\/Res_wp\/wp-content\/uploads\/2017\/03\/Entree-700x400.jpg\" height=\"400\" width=\"700\" alt=\"\" class=\"slider-39 slide-473 msDefaultImage\" \/><img loading=\"lazy\" decoding=\"async\" src=\"https:\/\/www.residencegrandmere.com\/Res_wp\/wp-content\/uploads\/2016\/12\/dsc05954-700x400.jpg\" height=\"400\" width=\"700\" alt=\"\" class=\"slider-39 slide-48 msDefaultImage\" \/><img loading=\"lazy\" decoding=\"async\" src=\"https:\/\/www.residencegrandmere.com\/Res_wp\/wp-content\/uploads\/2016\/12\/dsc05318-700x400.jpg\" height=\"400\" width=\"700\" alt=\"\" class=\"slider-39 slide-45 msDefaultImage\" \/><img loading=\"lazy\" decoding=\"async\" src=\"https:\/\/www.residencegrandmere.com\/Res_wp\/wp-content\/uploads\/2016\/12\/dsc05315-700x400.jpg\" height=\"400\" width=\"700\" alt=\"\" class=\"slider-39 slide-44 msDefaultImage\" \/><img loading=\"lazy\" decoding=\"async\" src=\"https:\/\/www.residencegrandmere.com\/Res_wp\/wp-content\/uploads\/2017\/03\/Salon-700x400.jpg\" height=\"400\" width=\"700\" alt=\"\" class=\"slider-39 slide-475 msDefaultImage\" \/><\/div><\/div>\n        \n    <\/div>\n<\/div>\n\t<p>Diaporama automatique<\/p>\nPour un d\u00e9filement automatique assurez vous de ne pas avoir le pointeur de la souris sur\u00a0une photos du diaporama.<br \/>\nPour arr\u00eater sur\u00a0une photo, laisser le pointer de la souris sur la photo, le d\u00e9filement automatique reprendra lorsque vous retirerez le pointeur de la souris.\n\t\t\t\t<img loading=\"lazy\" decoding=\"async\" src=\"https:\/\/www.residencegrandmere.com\/Res_wp\/wp-content\/uploads\/2016\/12\/177.jpg\" alt=\"Service aux locataires\" itemprop=\"image\" height=\"1415\" width=\"2122\" title=\"Service aux locataires\" onerror=\"this.style.display='none'\"  \/>\n\t\t\t<a href=\"https:\/\/www.residencegrandmere.com\/Res_wp\/services\/\" target=\"_self\" role=\"button\" rel=\"noopener\">\n\t\t\t\t\t\tNos Services\n\t\t<\/a>\n\t\t\t\t<img loading=\"lazy\" decoding=\"async\" src=\"https:\/\/www.residencegrandmere.com\/Res_wp\/wp-content\/uploads\/2016\/12\/2014-05-16-21.41.19-copie-1.jpg\" alt=\"Salon\" itemprop=\"image\" height=\"577\" width=\"1024\" title=\"2014-05-16 21.41.19 - copie\" onerror=\"this.style.display='none'\"  \/>\n\t\t\t<a href=\"https:\/\/www.residencegrandmere.com\/Res_wp\/appartements\/\" target=\"_self\" role=\"button\" rel=\"noopener\">\n\t\t\t\t\t\tNos Appartements\n\t\t<\/a>\n\t\t\t\t<img loading=\"lazy\" decoding=\"async\" src=\"https:\/\/www.residencegrandmere.com\/Res_wp\/wp-content\/uploads\/2022\/05\/piscine.jpg\" alt=\"Piscine\" itemprop=\"image\" height=\"683\" width=\"1024\" title=\"piscine\" onerror=\"this.style.display='none'\"  \/>\n\t<p>Des nouvelles de la r\u00e9sidence et de nos r\u00e9sidents.<\/p>\n\t\t\t<a href=\"https:\/\/www.residencegrandmere.com\/Res_wp\/nouvelles\/\" target=\"_self\" role=\"button\" rel=\"noopener\">\n\t\t\t\t\t\tActivit\u00e9s\n\t\t<\/a>\n\t\t\t\t<img loading=\"lazy\" decoding=\"async\" src=\"https:\/\/www.residencegrandmere.com\/Res_wp\/wp-content\/uploads\/2016\/12\/1-1.jpg\" alt=\"1\" itemprop=\"image\" height=\"480\" width=\"910\" title=\"1\" onerror=\"this.style.display='none'\"  \/>\n\t<p>Vous avez des questions, vous d\u00e9sirez nous rencontrer, vous d\u00e9sirez des renseignements suppl\u00e9mentaires, remplissez le formulaire et nous vous r\u00e9pondrons rapidement.\u00a0Ou si vous le d\u00e9sirez vous pouvez nous t\u00e9l\u00e9phoner.<\/p>\n<p>Appuyez sur le bouton pour avoir acc\u00e8s \u00e0 tous les moyens de nous contacter<\/p>\n\t\t\t<a href=\"https:\/\/www.residencegrandmere.com\/Res_wp\/contact\/\" target=\"_self\" role=\"button\" rel=\"noopener\">\n\t\t\t\t\t\tNous joindre\n\t\t<\/a>\n\n","protected":false},"excerpt":{"rendered":"<p>T\u00e9l\u00e9phone (819) 538-3833 &nbsp; La R\u00e9sidence Grand-M\u00e8re Elle est situ\u00e9e \u00e0 Shawinigan dans le secteur Grand-M\u00e8re au 2581, 7e Avenue \u00e0 environ 250 m\u00e8tres de la sortie\u00a0223 sur l&rsquo;autoroute\u00a055, pr\u00e8s du march\u00e9 d&rsquo;alimentation MAXI. La R\u00e9sidence a ouvert ses portes le 1er juillet 2014 et elle est dot\u00e9e du certificat de conformit\u00e9 de r\u00e9sidence priv\u00e9e &#8230; <a title=\"Accueil\" class=\"read-more\" href=\"https:\/\/www.residencegrandmere.com\/Res_wp\/\" aria-label=\"En savoir plus sur Accueil\">Lire la suite<\/a><\/p>\n","protected":false},"author":1,"featured_media":0,"parent":0,"menu_order":0,"comment_status":"closed","ping_status":"closed","template":"","meta":{"footnotes":""},"class_list":["post-11","page","type-page","status-publish"],"_links":{"self":[{"href":"https:\/\/www.residencegrandmere.com\/Res_wp\/wp-json\/wp\/v2\/pages\/11","targetHints":{"allow":["GET"]}}],"collection":[{"href":"https:\/\/www.residencegrandmere.com\/Res_wp\/wp-json\/wp\/v2\/pages"}],"about":[{"href":"https:\/\/www.residencegrandmere.com\/Res_wp\/wp-json\/wp\/v2\/types\/page"}],"author":[{"embeddable":true,"href":"https:\/\/www.residencegrandmere.com\/Res_wp\/wp-json\/wp\/v2\/users\/1"}],"replies":[{"embeddable":true,"href":"https:\/\/www.residencegrandmere.com\/Res_wp\/wp-json\/wp\/v2\/comments?post=11"}],"version-history":[{"count":66,"href":"https:\/\/www.residencegrandmere.com\/Res_wp\/wp-json\/wp\/v2\/pages\/11\/revisions"}],"predecessor-version":[{"id":35744,"href":"https:\/\/www.residencegrandmere.com\/Res_wp\/wp-json\/wp\/v2\/pages\/11\/revisions\/35744"}],"wp:attachment":[{"href":"https:\/\/www.residencegrandmere.com\/Res_wp\/wp-json\/wp\/v2\/media?parent=11"}],"curies":[{"name":"wp","href":"https:\/\/api.w.org\/{rel}","templated":true}]}}