{"id":29,"date":"2016-12-23T03:24:51","date_gmt":"2016-12-23T02:24:51","guid":{"rendered":"http:\/\/www.residencegrandmere.com\/Res_wp\/?page_id=29"},"modified":"2023-04-11T20:59:38","modified_gmt":"2023-04-11T18:59:38","slug":"services","status":"publish","type":"page","link":"https:\/\/www.residencegrandmere.com\/Res_wp\/services\/","title":{"rendered":"Services"},"content":{"rendered":"\n\n\t<h1>Les services de la R\u00e9sidence<\/h1>\n<p>&nbsp;<\/p>\n\t<p>La R\u00e9sidence Grand-M\u00e8re est un milieu de vie pour personnes autonomes et semi-autonomes (RPA) o\u00f9 il est d\u00e9fendu de fumer et tous les animaux sont interdits.<\/p>\n<p>La R\u00e9sidence poss\u00e8de 93 appartements (autonomes) et 15 chambres (semi-autonomes).<\/p>\n\t<h2><strong>Am\u00e9n<\/strong><strong>agements<\/strong><\/h2>\n\t<span id=\"tablepress-2-description\" class=\"tablepress-table-description tablepress-table-description-id-2\">La r\u00e9sidence est dot\u00e9e des am\u00e9nagements suivants:<\/span>\n\n<table id=\"tablepress-2\" class=\"tablepress tablepress-id-2\" aria-describedby=\"tablepress-2-description\">\n<thead>\n<tr class=\"row-1\">\n\t<th class=\"column-1\">LES CARACT\u00c9RISTIQUES<\/th><th class=\"column-2\">LES SERVICES INCLUS<\/th><th class=\"column-3\">LA S\u00c9CURIT\u00c9<\/th>\n<\/tr>\n<\/thead>\n<tbody class=\"row-striping row-hover\">\n<tr class=\"row-2\">\n\t<td class=\"column-1\">Deux ascenseurs<\/td><td class=\"column-2\">1 repas (diner \/souper)<\/td><td class=\"column-3\">B\u00e2timent en b\u00e9ton<\/td>\n<\/tr>\n<tr class=\"row-3\">\n\t<td class=\"column-1\">Salle \u00e0 manger (service aux tables)<\/td><td class=\"column-2\">Ligne t\u00e9l\u00e9phonique<br \/>\n(Interurbains Canada et \u00c9tats-Unis)<\/td><td class=\"column-3\">Alarme reli\u00e9e \u00e0 une centrale<\/td>\n<\/tr>\n<tr class=\"row-4\">\n\t<td class=\"column-1\">Salles communautaires<\/td><td class=\"column-2\">Service de c\u00e2ble<\/td><td class=\"column-3\">Cam\u00e9ras de s\u00e9curit\u00e9<\/td>\n<\/tr>\n<tr class=\"row-5\">\n\t<td class=\"column-1\">Caf\u00e9 internet<\/td><td class=\"column-2\">Service internet Wi-Fi<br \/>\nUn d\u00e9codeur HD<\/td><td class=\"column-3\">Cloches d'appel chambre et salle de bain<\/td>\n<\/tr>\n<tr class=\"row-6\">\n\t<td class=\"column-1\">Salon et biblioth\u00e8que<\/td><td class=\"column-2\">Service postal<\/td><td class=\"column-3\">Syst\u00e8me d'appel d'urgence<\/td>\n<\/tr>\n<tr class=\"row-7\">\n\t<td class=\"column-1\">Lieu de culte et cin\u00e9ma maison<\/td><td class=\"column-2\">Pr\u00e9pos\u00e9 \u00e0 la maintenance dans les appartements<\/td><td class=\"column-3\">D\u00e9tecteurs de fum\u00e9e et extincteurs<\/td>\n<\/tr>\n<tr class=\"row-8\">\n\t<td class=\"column-1\">Salle de billard et salle d\u2019exercices<\/td><td class=\"column-2\">M\u00e9nage des appartements<\/td><td class=\"column-3\">Syst\u00e8me de climatisation dans les aires communes<\/td>\n<\/tr>\n<tr class=\"row-9\">\n\t<td class=\"column-1\">Piscine, SPA<\/td><td class=\"column-2\">Service de pr\u00e9pos\u00e9s aux b\u00e9n\u00e9ficiaires avec soins et assistance 24 h<\/td><td class=\"column-3\">Surveillance 24 h<\/td>\n<\/tr>\n<tr class=\"row-10\">\n\t<td class=\"column-1\">Salle de r\u00e9ception priv\u00e9e gratuite pour famille (sur demande)<\/td><td class=\"column-2\">Soins d\u2019assistance personnelle : administration et gestion de la m\u00e9dication<\/td><td class=\"column-3\">Syst\u00e8me de gicleurs<\/td>\n<\/tr>\n<tr class=\"row-11\">\n\t<td class=\"column-1\">Casier de rangement (sur demande)<\/td><td class=\"column-2\">Soins infirmiers 7 jours<\/td><td class=\"column-3\">Barres d'appui<\/td>\n<\/tr>\n<tr class=\"row-12\">\n\t<td class=\"column-1\">Laveuse et s\u00e9cheuse incluses dans chaque appartement<\/td><td class=\"column-2\">Suivi du dossier du r\u00e9sident pour le cr\u00e9dit d\u2019imp\u00f4t<\/td><td class=\"column-3\">G\u00e9n\u00e9ratrice d\u2019urgence (en cas de panne \u00e9lectrique)<\/td>\n<\/tr>\n<tr class=\"row-13\">\n\t<td class=\"column-1\">Balcon individuel<\/td><td class=\"column-2\">Messe et activit\u00e9s religieuses<\/td><td class=\"column-3\"><\/td>\n<\/tr>\n<tr class=\"row-14\">\n\t<td class=\"column-1\">Buanderie communautaire (gratuite) \u00e0 chaque \u00e9tage<\/td><td class=\"column-2\">Activit\u00e9s de loisirs et d\u2019animation<\/td><td class=\"column-3\">Accessible en fauteuil roulant<\/td>\n<\/tr>\n<tr class=\"row-15\">\n\t<td class=\"column-1\">Chute \u00e0 d\u00e9chets  et r\u00e9cup\u00e9ration<\/td><td class=\"column-2\">Distributrices<\/td><td class=\"column-3\">Syst\u00e8me de cl\u00e9 \u00e0 puce \u00e9lectronique (entr\u00e9e et piscine)<\/td>\n<\/tr>\n<tr class=\"row-16\">\n\t<td class=\"column-1\">Salle de bain commune \u00e0 chaque \u00e9tage<\/td><td class=\"column-2\">Stationnement (ext\u00e9rieur)<\/td><td class=\"column-3\"><\/td>\n<\/tr>\n<tr class=\"row-17\">\n\t<td class=\"column-1\">Terrasse (aire de repos) ext\u00e9rieur<\/td><td class=\"column-2\"><\/td><td class=\"column-3\"><\/td>\n<\/tr>\n<\/tbody>\n<\/table>\n<!-- #tablepress-2 from cache -->\n\t<p><strong><u>SERVICES EXTRAS<\/u><\/strong><\/p>\n<ul>\n<li>Repas visiteurs<\/li>\n<li>V\u00e9hicule \u00e9lectrique (Triporteur\/quadriporteur)<\/li>\n<\/ul>\n\t<p><strong><u>LES COMMERCES<\/u><\/strong><\/p>\n<ul>\n<li>Salon de coiffure<\/li>\n<li>Soins de pieds<\/li>\n<li>Massoth\u00e9rapie et orthoth\u00e9rapie<\/li>\n<\/ul>\n\t<div id=\"metaslider-id-430\" style=\"max-width: 700px;\" class=\"ml-slider-3-108-0 metaslider metaslider-nivo metaslider-430 ml-slider has-dots-nav ms-theme-default\" role=\"region\" aria-label=\"Services\" data-height=\"400\" data-width=\"700\">\n    <div id=\"metaslider_container_430\">\n        <div class='slider-wrapper theme-default'><div class='ribbon'><\/div><div id='metaslider_430' class='nivoSlider'><img loading=\"lazy\" decoding=\"async\" src=\"https:\/\/www.residencegrandmere.com\/Res_wp\/wp-content\/uploads\/2017\/01\/salon-de-coiffure-700x400.jpg\" height=\"400\" width=\"700\" alt=\"\" class=\"slider-430 slide-194 msDefaultImage\" \/><img loading=\"lazy\" decoding=\"async\" src=\"https:\/\/www.residencegrandmere.com\/Res_wp\/wp-content\/uploads\/2016\/12\/dsc05961-700x400.jpg\" height=\"400\" width=\"700\" alt=\"\" class=\"slider-430 slide-49 msDefaultImage\" \/><img loading=\"lazy\" decoding=\"async\" src=\"https:\/\/www.residencegrandmere.com\/Res_wp\/wp-content\/uploads\/2016\/12\/dsc05963-700x400.jpg\" height=\"400\" width=\"700\" alt=\"\" class=\"slider-430 slide-50 msDefaultImage\" \/><img loading=\"lazy\" decoding=\"async\" src=\"https:\/\/www.residencegrandmere.com\/Res_wp\/wp-content\/uploads\/2016\/12\/dsc05964-700x400.jpg\" height=\"400\" width=\"700\" alt=\"\" class=\"slider-430 slide-51 msDefaultImage\" \/><img loading=\"lazy\" decoding=\"async\" src=\"https:\/\/www.residencegrandmere.com\/Res_wp\/wp-content\/uploads\/2017\/03\/Salle-billard-700x400.jpg\" height=\"400\" width=\"700\" alt=\"\" class=\"slider-430 slide-465 msDefaultImage\" \/><img loading=\"lazy\" decoding=\"async\" src=\"https:\/\/www.residencegrandmere.com\/Res_wp\/wp-content\/uploads\/2017\/03\/Massage-700x400.jpg\" height=\"400\" width=\"700\" alt=\"\" class=\"slider-430 slide-491 msDefaultImage\" \/><\/div><\/div>\n        \n    <\/div>\n<\/div>\n\n","protected":false},"excerpt":{"rendered":"<p>Les services de la R\u00e9sidence &nbsp; La R\u00e9sidence Grand-M\u00e8re est un milieu de vie pour personnes autonomes et semi-autonomes (RPA) o\u00f9 il est d\u00e9fendu de fumer et tous les animaux sont interdits. La R\u00e9sidence poss\u00e8de 93 appartements (autonomes) et 15 chambres (semi-autonomes). Am\u00e9nagements SERVICES EXTRAS Repas visiteurs V\u00e9hicule \u00e9lectrique (Triporteur\/quadriporteur) LES COMMERCES Salon de coiffure &#8230; <a title=\"Services\" class=\"read-more\" href=\"https:\/\/www.residencegrandmere.com\/Res_wp\/services\/\" aria-label=\"En savoir plus sur Services\">Lire la suite<\/a><\/p>\n","protected":false},"author":1,"featured_media":0,"parent":0,"menu_order":0,"comment_status":"closed","ping_status":"closed","template":"","meta":{"footnotes":""},"class_list":["post-29","page","type-page","status-publish"],"_links":{"self":[{"href":"https:\/\/www.residencegrandmere.com\/Res_wp\/wp-json\/wp\/v2\/pages\/29","targetHints":{"allow":["GET"]}}],"collection":[{"href":"https:\/\/www.residencegrandmere.com\/Res_wp\/wp-json\/wp\/v2\/pages"}],"about":[{"href":"https:\/\/www.residencegrandmere.com\/Res_wp\/wp-json\/wp\/v2\/types\/page"}],"author":[{"embeddable":true,"href":"https:\/\/www.residencegrandmere.com\/Res_wp\/wp-json\/wp\/v2\/users\/1"}],"replies":[{"embeddable":true,"href":"https:\/\/www.residencegrandmere.com\/Res_wp\/wp-json\/wp\/v2\/comments?post=29"}],"version-history":[{"count":27,"href":"https:\/\/www.residencegrandmere.com\/Res_wp\/wp-json\/wp\/v2\/pages\/29\/revisions"}],"predecessor-version":[{"id":35729,"href":"https:\/\/www.residencegrandmere.com\/Res_wp\/wp-json\/wp\/v2\/pages\/29\/revisions\/35729"}],"wp:attachment":[{"href":"https:\/\/www.residencegrandmere.com\/Res_wp\/wp-json\/wp\/v2\/media?parent=29"}],"curies":[{"name":"wp","href":"https:\/\/api.w.org\/{rel}","templated":true}]}}