{"id":32,"date":"2016-12-23T03:30:58","date_gmt":"2016-12-23T02:30:58","guid":{"rendered":"http:\/\/www.residencegrandmere.com\/Res_wp\/?page_id=32"},"modified":"2022-06-06T20:41:02","modified_gmt":"2022-06-06T18:41:02","slug":"appartements","status":"publish","type":"page","link":"https:\/\/www.residencegrandmere.com\/Res_wp\/appartements\/","title":{"rendered":"Appartements"},"content":{"rendered":"\n\n\t<h1>Appartements<\/h1>\n<p>Quoiqu&rsquo;il arrive, vous n&rsquo;\u00eates pas seul. La R\u00e9sidence Grand-M\u00e8re vous offre une chambre ou un appartement s\u00e9curis\u00e9, muni de cloche d&rsquo;appel, d&rsquo;un syst\u00e8me d&rsquo;urgence (bracelet ou collier) qui permettent d&rsquo;avoir acc\u00e8s rapidement \u00e0 de l&rsquo;aide.<\/p>\n<p>Si vous tombez, si vous \u00eates malade un pr\u00e9pos\u00e9 sera \u00e0 vos c\u00f4t\u00e9s en quelques minutes.<\/p>\n<p>Vos proches ne seront donc plus inquiets de ce qui pourrait vous arriver.<\/p>\n<p>Plus d&rsquo;entretien de maison devenue trop grande, de devoir passer la tondeuse ou d\u00e9neiger l&rsquo;hiver. Aucune facture \u00e0 payer comme l&rsquo;\u00e9lectricit\u00e9, les taxes, l&rsquo;entretien, le t\u00e9l\u00e9phone ou le c\u00e2ble pour la t\u00e9l\u00e9vision.<\/p>\n\t<div id=\"metaslider-id-237\" style=\"max-width: 700px;\" class=\"ml-slider-3-108-0 metaslider metaslider-nivo metaslider-237 ml-slider has-dots-nav ms-theme-default\" role=\"region\" aria-label=\"Les appartements\" data-height=\"700\" data-width=\"700\">\n    <div id=\"metaslider_container_237\">\n        <div class='slider-wrapper theme-default'><div class='ribbon'><\/div><div id='metaslider_237' class='nivoSlider'><img loading=\"lazy\" decoding=\"async\" src=\"https:\/\/www.residencegrandmere.com\/Res_wp\/wp-content\/uploads\/2022\/06\/Salon-698x698.jpg\" height=\"700\" width=\"700\" data-caption=\"Salon\" title=\"Salon\" alt=\"Salon typique\" class=\"slider-237 slide-35671 msDefaultImage\" \/><img loading=\"lazy\" decoding=\"async\" src=\"https:\/\/www.residencegrandmere.com\/Res_wp\/wp-content\/uploads\/2022\/06\/Salon-et-salle-a-manger-684x684.jpg\" height=\"700\" width=\"700\" data-caption=\"Cuisine et salon\" alt=\"Salon et salle \u00e0 manger\" class=\"slider-237 slide-35661 msDefaultImage\" \/><img loading=\"lazy\" decoding=\"async\" src=\"https:\/\/www.residencegrandmere.com\/Res_wp\/wp-content\/uploads\/2022\/06\/Salon-2-683x683.jpg\" height=\"700\" width=\"700\" data-caption=\"Salon et salle &agrave; diner\" title=\"Salon 2\" alt=\"\" class=\"slider-237 slide-35673 msDefaultImage\" \/><img loading=\"lazy\" decoding=\"async\" src=\"https:\/\/www.residencegrandmere.com\/Res_wp\/wp-content\/uploads\/2022\/06\/Salle-de-bain-683x683.jpg\" height=\"700\" width=\"700\" data-caption=\"Salle de bain\" title=\"Salle de bain\" alt=\"\" class=\"slider-237 slide-35664 msDefaultImage\" \/><img loading=\"lazy\" decoding=\"async\" src=\"https:\/\/www.residencegrandmere.com\/Res_wp\/wp-content\/uploads\/2022\/06\/Chambre-2-673x674.jpg\" height=\"700\" width=\"700\" data-caption=\"Chambre\" title=\"Chambre 2\" alt=\"\" class=\"slider-237 slide-35665 msDefaultImage\" \/><img loading=\"lazy\" decoding=\"async\" src=\"https:\/\/www.residencegrandmere.com\/Res_wp\/wp-content\/uploads\/2022\/06\/Chambre-1-699x699.jpg\" height=\"700\" width=\"700\" data-caption=\"Autre mod&egrave;le de chambre\" title=\"Chambre 1\" alt=\"\" class=\"slider-237 slide-35666 msDefaultImage\" \/><img loading=\"lazy\" decoding=\"async\" src=\"https:\/\/www.residencegrandmere.com\/Res_wp\/wp-content\/uploads\/2022\/06\/Deux-et-demi--683x683.jpg\" height=\"700\" width=\"700\" data-caption=\"Deux et demi\" title=\"Deux et demi\" alt=\"\" class=\"slider-237 slide-35667 msDefaultImage\" \/><img loading=\"lazy\" decoding=\"async\" src=\"https:\/\/www.residencegrandmere.com\/Res_wp\/wp-content\/uploads\/2022\/06\/Deux-et-demi-2-696x696.jpg\" height=\"700\" width=\"700\" data-caption=\"Autre deux et demi\" title=\"Deux et demi 2\" alt=\"\" class=\"slider-237 slide-35672 msDefaultImage\" \/><img loading=\"lazy\" decoding=\"async\" src=\"https:\/\/www.residencegrandmere.com\/Res_wp\/wp-content\/uploads\/2022\/06\/Trois-et-demi--683x683.jpg\" height=\"700\" width=\"700\" data-caption=\"Trois et demi\" title=\"Trois et demi\" alt=\"\" class=\"slider-237 slide-35674 msDefaultImage\" \/><\/div><\/div>\n        \n    <\/div>\n<\/div>\n<p>Exemples d&rsquo;appartements de la r\u00e9sidence<\/p>\n\t<div id=\"metaslider-id-548\" style=\"max-width: 700px;\" class=\"ml-slider-3-108-0 metaslider metaslider-nivo metaslider-548 ml-slider has-dots-nav ms-theme-default\" role=\"region\" aria-label=\"Unit\u00e9 de vie\" data-height=\"700\" data-width=\"700\">\n    <div id=\"metaslider_container_548\">\n        <div class='slider-wrapper theme-default'><div class='ribbon'><\/div><div id='metaslider_548' class='nivoSlider'><img loading=\"lazy\" decoding=\"async\" src=\"https:\/\/www.residencegrandmere.com\/Res_wp\/wp-content\/uploads\/2022\/06\/Salle-a-manger-unite-de-vie-683x683.jpg\" height=\"700\" width=\"700\" data-caption=\"Salle &agrave; manger\" title=\"Salle a manger unit\u00e9 de vie\" alt=\"\" class=\"slider-548 slide-35680 msDefaultImage\" \/><img loading=\"lazy\" decoding=\"async\" src=\"https:\/\/www.residencegrandmere.com\/Res_wp\/wp-content\/uploads\/2022\/06\/Salle-de-bain-unite-de-vie-684x684.jpg\" height=\"700\" width=\"700\" data-caption=\"Salle de bain\" title=\"Salle de bain unit\u00e9 de vie\" alt=\"\" class=\"slider-548 slide-35681 msDefaultImage\" \/><img loading=\"lazy\" decoding=\"async\" src=\"https:\/\/www.residencegrandmere.com\/Res_wp\/wp-content\/uploads\/2022\/06\/Chambre-unite-de-vie-683x683.jpg\" height=\"700\" width=\"700\" data-caption=\"Chambre\" title=\"Chambre unit\u00e9 de vie\" alt=\"\" class=\"slider-548 slide-35682 msDefaultImage\" \/><\/div><\/div>\n        \n    <\/div>\n<\/div>\n<p>Unit\u00e9 de vie<\/p>\n\n","protected":false},"excerpt":{"rendered":"<p>Appartements Quoiqu&rsquo;il arrive, vous n&rsquo;\u00eates pas seul. La R\u00e9sidence Grand-M\u00e8re vous offre une chambre ou un appartement s\u00e9curis\u00e9, muni de cloche d&rsquo;appel, d&rsquo;un syst\u00e8me d&rsquo;urgence (bracelet ou collier) qui permettent d&rsquo;avoir acc\u00e8s rapidement \u00e0 de l&rsquo;aide. Si vous tombez, si vous \u00eates malade un pr\u00e9pos\u00e9 sera \u00e0 vos c\u00f4t\u00e9s en quelques minutes. Vos proches ne &#8230; <a title=\"Appartements\" class=\"read-more\" href=\"https:\/\/www.residencegrandmere.com\/Res_wp\/appartements\/\" aria-label=\"En savoir plus sur Appartements\">Lire la suite<\/a><\/p>\n","protected":false},"author":1,"featured_media":0,"parent":0,"menu_order":0,"comment_status":"closed","ping_status":"closed","template":"","meta":{"footnotes":""},"class_list":["post-32","page","type-page","status-publish"],"_links":{"self":[{"href":"https:\/\/www.residencegrandmere.com\/Res_wp\/wp-json\/wp\/v2\/pages\/32","targetHints":{"allow":["GET"]}}],"collection":[{"href":"https:\/\/www.residencegrandmere.com\/Res_wp\/wp-json\/wp\/v2\/pages"}],"about":[{"href":"https:\/\/www.residencegrandmere.com\/Res_wp\/wp-json\/wp\/v2\/types\/page"}],"author":[{"embeddable":true,"href":"https:\/\/www.residencegrandmere.com\/Res_wp\/wp-json\/wp\/v2\/users\/1"}],"replies":[{"embeddable":true,"href":"https:\/\/www.residencegrandmere.com\/Res_wp\/wp-json\/wp\/v2\/comments?post=32"}],"version-history":[{"count":28,"href":"https:\/\/www.residencegrandmere.com\/Res_wp\/wp-json\/wp\/v2\/pages\/32\/revisions"}],"predecessor-version":[{"id":35683,"href":"https:\/\/www.residencegrandmere.com\/Res_wp\/wp-json\/wp\/v2\/pages\/32\/revisions\/35683"}],"wp:attachment":[{"href":"https:\/\/www.residencegrandmere.com\/Res_wp\/wp-json\/wp\/v2\/media?parent=32"}],"curies":[{"name":"wp","href":"https:\/\/api.w.org\/{rel}","templated":true}]}}