{"id":322,"date":"2017-02-23T20:22:53","date_gmt":"2017-02-23T19:22:53","guid":{"rendered":"http:\/\/www.residencegrandmere.com\/Res_wp\/?page_id=322"},"modified":"2017-05-03T04:37:55","modified_gmt":"2017-05-03T02:37:55","slug":"emploi","status":"publish","type":"page","link":"https:\/\/www.residencegrandmere.com\/Res_wp\/emploi\/","title":{"rendered":"Emploi"},"content":{"rendered":"<h1 style=\"text-align: left;\"><strong>Emploi<\/strong><\/h1>\n<h2 style=\"text-align: center;\">Emploi(s) disponible(s)<\/h2>\n<p>Les emplois disponibles \u00e0 la R\u00e9sidence Grand-M\u00e8re sont affich\u00e9s sur le site RQRA.<\/p>\n<p>Recherchez la \u00ab\u00a0R\u00e9sidence Grand-M\u00e8re\u00a0\u00bb dans le champ \u00ab\u00a0r\u00e9sidence\u00a0\u00bb sur le lien suivant: \u00a0<a href=\"http:\/\/www.rqra.qc.ca\/rqra\/_emploi\">Emplois disponibles<\/a><\/p>\n","protected":false},"excerpt":{"rendered":"<p>Emploi Emploi(s) disponible(s) Les emplois disponibles \u00e0 la R\u00e9sidence Grand-M\u00e8re sont affich\u00e9s sur le site RQRA. Recherchez la \u00ab\u00a0R\u00e9sidence Grand-M\u00e8re\u00a0\u00bb dans le champ \u00ab\u00a0r\u00e9sidence\u00a0\u00bb sur le lien suivant: \u00a0Emplois disponibles<\/p>\n","protected":false},"author":1,"featured_media":0,"parent":0,"menu_order":0,"comment_status":"closed","ping_status":"closed","template":"","meta":{"footnotes":""},"class_list":["post-322","page","type-page","status-publish"],"_links":{"self":[{"href":"https:\/\/www.residencegrandmere.com\/Res_wp\/wp-json\/wp\/v2\/pages\/322","targetHints":{"allow":["GET"]}}],"collection":[{"href":"https:\/\/www.residencegrandmere.com\/Res_wp\/wp-json\/wp\/v2\/pages"}],"about":[{"href":"https:\/\/www.residencegrandmere.com\/Res_wp\/wp-json\/wp\/v2\/types\/page"}],"author":[{"embeddable":true,"href":"https:\/\/www.residencegrandmere.com\/Res_wp\/wp-json\/wp\/v2\/users\/1"}],"replies":[{"embeddable":true,"href":"https:\/\/www.residencegrandmere.com\/Res_wp\/wp-json\/wp\/v2\/comments?post=322"}],"version-history":[{"count":11,"href":"https:\/\/www.residencegrandmere.com\/Res_wp\/wp-json\/wp\/v2\/pages\/322\/revisions"}],"predecessor-version":[{"id":630,"href":"https:\/\/www.residencegrandmere.com\/Res_wp\/wp-json\/wp\/v2\/pages\/322\/revisions\/630"}],"wp:attachment":[{"href":"https:\/\/www.residencegrandmere.com\/Res_wp\/wp-json\/wp\/v2\/media?parent=322"}],"curies":[{"name":"wp","href":"https:\/\/api.w.org\/{rel}","templated":true}]}}