{"id":34,"date":"2016-12-23T03:31:28","date_gmt":"2016-12-23T02:31:28","guid":{"rendered":"http:\/\/www.residencegrandmere.com\/Res_wp\/?page_id=34"},"modified":"2022-06-08T15:55:32","modified_gmt":"2022-06-08T13:55:32","slug":"nouvelles","status":"publish","type":"page","link":"https:\/\/www.residencegrandmere.com\/Res_wp\/nouvelles\/","title":{"rendered":"Activit\u00e9s"},"content":{"rendered":"\n\n\t<h1>Activit\u00e9s<\/h1>\n\t<a href=\"https:\/\/www.residencegrandmere.com\/Res_wp\/wp-content\/uploads\/2019\/04\/Cahier-des-activit\u00e9s-2019.pdf\" class=\"pdfemb-viewer\" style=\"\" data-width=\"max\" data-height=\"max\" data-toolbar=\"both\" data-toolbar-fixed=\"on\">Cahier des activit\u00e9s - 2019<\/a>\n\t<h2>Les activit\u00e9s \u00e0 la r\u00e9sidence<\/h2>\n<div id=\"metaslider-id-238\" style=\"max-width: 700px;\" class=\"ml-slider-3-108-0 metaslider metaslider-nivo metaslider-238 ml-slider has-dots-nav ms-theme-default\" role=\"region\" aria-label=\"Activit\u00e9es\" data-height=\"400\" data-width=\"700\">\n    <div id=\"metaslider_container_238\">\n        <div class='slider-wrapper theme-default'><div class='ribbon'><\/div><div id='metaslider_238' class='nivoSlider'><img loading=\"lazy\" decoding=\"async\" src=\"https:\/\/www.residencegrandmere.com\/Res_wp\/wp-content\/uploads\/2017\/01\/balancoire-700x400.jpg\" height=\"400\" width=\"700\" data-caption=\"Balan&ccedil;oire\" alt=\"\" class=\"slider-238 slide-253 msDefaultImage\" \/><img loading=\"lazy\" decoding=\"async\" src=\"https:\/\/www.residencegrandmere.com\/Res_wp\/wp-content\/uploads\/2022\/05\/casse-tete-700x400.jpg\" height=\"400\" width=\"700\" data-caption=\"Casse-t&ecirc;te\" title=\"casse t\u00eate\" alt=\"\" class=\"slider-238 slide-35631 msDefaultImage\" \/><img loading=\"lazy\" decoding=\"async\" src=\"https:\/\/www.residencegrandmere.com\/Res_wp\/wp-content\/uploads\/2022\/05\/bingo-700x400.jpg\" height=\"400\" width=\"700\" data-caption=\"Bingo\" title=\"bingo\" alt=\"\" class=\"slider-238 slide-35633 msDefaultImage\" \/><img loading=\"lazy\" decoding=\"async\" src=\"https:\/\/www.residencegrandmere.com\/Res_wp\/wp-content\/uploads\/2022\/05\/bibliotheque-2--700x400.jpg\" height=\"400\" width=\"700\" data-caption=\"Biblioth&egrave;que\" title=\"biblioth\u00e8que 2\" alt=\"\" class=\"slider-238 slide-35634 msDefaultImage\" \/><img loading=\"lazy\" decoding=\"async\" src=\"https:\/\/www.residencegrandmere.com\/Res_wp\/wp-content\/uploads\/2022\/05\/vie-active-3-700x400.jpg\" height=\"400\" width=\"700\" data-caption=\"Vie active\" title=\"vie active 3\" alt=\"\" class=\"slider-238 slide-35636 msDefaultImage\" \/><img loading=\"lazy\" decoding=\"async\" src=\"https:\/\/www.residencegrandmere.com\/Res_wp\/wp-content\/uploads\/2022\/05\/activite-couleurs-700x400.jpg\" height=\"400\" width=\"700\" data-caption=\"Activit&eacute; couleurs\" title=\"activit\u00e9 couleurs\" alt=\"\" class=\"slider-238 slide-35638 msDefaultImage\" \/><img loading=\"lazy\" decoding=\"async\" src=\"https:\/\/www.residencegrandmere.com\/Res_wp\/wp-content\/uploads\/2022\/05\/spectacle-3-700x400.jpg\" height=\"400\" width=\"700\" data-caption=\"Spectacle\" title=\"spectacle 3\" alt=\"\" class=\"slider-238 slide-35639 msDefaultImage\" \/><img loading=\"lazy\" decoding=\"async\" src=\"https:\/\/www.residencegrandmere.com\/Res_wp\/wp-content\/uploads\/2022\/05\/salle-cinema-seul-700x400.jpg\" height=\"400\" width=\"700\" data-caption=\"Cin&eacute;ma\" title=\"salle cin\u00e9ma seul\" alt=\"\" class=\"slider-238 slide-35640 msDefaultImage\" \/><img loading=\"lazy\" decoding=\"async\" src=\"https:\/\/www.residencegrandmere.com\/Res_wp\/wp-content\/uploads\/2022\/05\/salle-billard-700x400.jpg\" height=\"400\" width=\"700\" data-caption=\"Billard\" title=\"salle billard\" alt=\"\" class=\"slider-238 slide-35641 msDefaultImage\" \/><img loading=\"lazy\" decoding=\"async\" src=\"https:\/\/www.residencegrandmere.com\/Res_wp\/wp-content\/uploads\/2022\/05\/piscine-700x400.jpg\" height=\"400\" width=\"700\" data-caption=\"Piscine\" title=\"piscine\" alt=\"\" class=\"slider-238 slide-35642 msDefaultImage\" \/><img loading=\"lazy\" decoding=\"async\" src=\"https:\/\/www.residencegrandmere.com\/Res_wp\/wp-content\/uploads\/2022\/05\/petanque-a-tout-700x400.jpg\" height=\"400\" width=\"700\" data-caption=\"P&eacute;tanque a tout\" title=\"p\u00e9tanque a tout\" alt=\"\" class=\"slider-238 slide-35643 msDefaultImage\" \/><img loading=\"lazy\" decoding=\"async\" src=\"https:\/\/www.residencegrandmere.com\/Res_wp\/wp-content\/uploads\/2022\/05\/jardin-communautaire-700x400.jpg\" height=\"400\" width=\"700\" data-caption=\"Jardin communautaire\" title=\"jardin communautaire\" alt=\"\" class=\"slider-238 slide-35644 msDefaultImage\" \/><img loading=\"lazy\" decoding=\"async\" src=\"https:\/\/www.residencegrandmere.com\/Res_wp\/wp-content\/uploads\/2022\/05\/passe-moi-las--700x400.jpg\" height=\"400\" width=\"700\" data-caption=\"Passe moi l&#039;as\" title=\"passe moi l&#039;as\" alt=\"\" class=\"slider-238 slide-35645 msDefaultImage\" \/><img loading=\"lazy\" decoding=\"async\" src=\"https:\/\/www.residencegrandmere.com\/Res_wp\/wp-content\/uploads\/2022\/05\/fete-salle-manger-700x400.jpg\" height=\"400\" width=\"700\" data-caption=\"Fet&eacute;s salle manger\" title=\"fet\u00e9 salle manger\" alt=\"\" class=\"slider-238 slide-35646 msDefaultImage\" \/><img loading=\"lazy\" decoding=\"async\" src=\"https:\/\/www.residencegrandmere.com\/Res_wp\/wp-content\/uploads\/2022\/05\/DANSE-700x400.jpg\" height=\"400\" width=\"700\" data-caption=\"Danse\" title=\"DANSE\" alt=\"\" class=\"slider-238 slide-35647 msDefaultImage\" \/><img loading=\"lazy\" decoding=\"async\" src=\"https:\/\/www.residencegrandmere.com\/Res_wp\/wp-content\/uploads\/2022\/05\/cours-danse-700x400.jpg\" height=\"400\" width=\"700\" data-caption=\"Cours danse\" title=\"cours danse\" alt=\"\" class=\"slider-238 slide-35648 msDefaultImage\" \/><\/div><\/div>\n        \n    <\/div>\n<\/div>\n\n\n","protected":false},"excerpt":{"rendered":"<p>Activit\u00e9s Les activit\u00e9s \u00e0 la r\u00e9sidence<\/p>\n","protected":false},"author":1,"featured_media":0,"parent":0,"menu_order":0,"comment_status":"closed","ping_status":"closed","template":"","meta":{"footnotes":""},"class_list":["post-34","page","type-page","status-publish"],"_links":{"self":[{"href":"https:\/\/www.residencegrandmere.com\/Res_wp\/wp-json\/wp\/v2\/pages\/34","targetHints":{"allow":["GET"]}}],"collection":[{"href":"https:\/\/www.residencegrandmere.com\/Res_wp\/wp-json\/wp\/v2\/pages"}],"about":[{"href":"https:\/\/www.residencegrandmere.com\/Res_wp\/wp-json\/wp\/v2\/types\/page"}],"author":[{"embeddable":true,"href":"https:\/\/www.residencegrandmere.com\/Res_wp\/wp-json\/wp\/v2\/users\/1"}],"replies":[{"embeddable":true,"href":"https:\/\/www.residencegrandmere.com\/Res_wp\/wp-json\/wp\/v2\/comments?post=34"}],"version-history":[{"count":59,"href":"https:\/\/www.residencegrandmere.com\/Res_wp\/wp-json\/wp\/v2\/pages\/34\/revisions"}],"predecessor-version":[{"id":35686,"href":"https:\/\/www.residencegrandmere.com\/Res_wp\/wp-json\/wp\/v2\/pages\/34\/revisions\/35686"}],"wp:attachment":[{"href":"https:\/\/www.residencegrandmere.com\/Res_wp\/wp-json\/wp\/v2\/media?parent=34"}],"curies":[{"name":"wp","href":"https:\/\/api.w.org\/{rel}","templated":true}]}}